{"id":527,"date":"2023-10-30T13:00:53","date_gmt":"2023-10-30T13:00:53","guid":{"rendered":"https:\/\/upsenior.eu\/?page_id=527"},"modified":"2023-10-30T13:02:51","modified_gmt":"2023-10-30T13:02:51","slug":"consorzio","status":"publish","type":"page","link":"https:\/\/upsenior.eu\/?page_id=527&lang=it","title":{"rendered":"Consorzio"},"content":{"rendered":"\t\t<div data-elementor-type=\"wp-page\" data-elementor-id=\"527\" class=\"elementor elementor-527\" data-elementor-settings=\"{&quot;ha_cmc_init_switcher&quot;:&quot;no&quot;}\">\n\t\t\t\t<div class=\"elementor-element elementor-element-c365fc5 e-flex e-con-boxed e-con e-parent\" data-id=\"c365fc5\" data-element_type=\"container\" data-settings=\"{&quot;background_background&quot;:&quot;classic&quot;,&quot;_ha_eqh_enable&quot;:false}\">\n\t\t\t\t\t<div class=\"e-con-inner\">\n\t\t<div class=\"elementor-element elementor-element-2ae011e e-con-full e-flex e-con e-child\" data-id=\"2ae011e\" data-element_type=\"container\" data-settings=\"{&quot;_ha_eqh_enable&quot;:false}\">\n\t\t\t\t<div class=\"elementor-element elementor-element-b2117eb elementor-widget elementor-widget-spacer\" data-id=\"b2117eb\" data-element_type=\"widget\" data-widget_type=\"spacer.default\">\n\t\t\t\t<div class=\"elementor-widget-container\">\n\t\t\t\t\t\t\t<div class=\"elementor-spacer\">\n\t\t\t<div class=\"elementor-spacer-inner\"><\/div>\n\t\t<\/div>\n\t\t\t\t\t\t<\/div>\n\t\t\t\t<\/div>\n\t\t\t\t<div class=\"elementor-element elementor-element-697a4b6 animated-slow elementor-invisible elementor-widget elementor-widget-heading\" data-id=\"697a4b6\" data-element_type=\"widget\" data-settings=\"{&quot;_animation&quot;:&quot;fadeInUp&quot;}\" data-widget_type=\"heading.default\">\n\t\t\t\t<div class=\"elementor-widget-container\">\n\t\t\t\t\t<h2 class=\"elementor-heading-title elementor-size-default\">Partner del progetto\n<\/h2>\t\t\t\t<\/div>\n\t\t\t\t<\/div>\n\t\t\t\t<div class=\"elementor-element elementor-element-c3a0c69 elementor-widget-divider--view-line elementor-widget elementor-widget-divider\" data-id=\"c3a0c69\" data-element_type=\"widget\" data-widget_type=\"divider.default\">\n\t\t\t\t<div class=\"elementor-widget-container\">\n\t\t\t\t\t\t\t<div class=\"elementor-divider\">\n\t\t\t<span class=\"elementor-divider-separator\">\n\t\t\t\t\t\t<\/span>\n\t\t<\/div>\n\t\t\t\t\t\t<\/div>\n\t\t\t\t<\/div>\n\t\t\t\t<div class=\"elementor-element elementor-element-0a3412e elementor-widget elementor-widget-spacer\" data-id=\"0a3412e\" data-element_type=\"widget\" data-widget_type=\"spacer.default\">\n\t\t\t\t<div class=\"elementor-widget-container\">\n\t\t\t\t\t\t\t<div class=\"elementor-spacer\">\n\t\t\t<div class=\"elementor-spacer-inner\"><\/div>\n\t\t<\/div>\n\t\t\t\t\t\t<\/div>\n\t\t\t\t<\/div>\n\t\t\t\t<div class=\"elementor-element elementor-element-aa623d9 animated-slow elementor-widget elementor-widget-heading\" data-id=\"aa623d9\" data-element_type=\"widget\" data-settings=\"{&quot;_animation&quot;:&quot;none&quot;}\" data-widget_type=\"heading.default\">\n\t\t\t\t<div class=\"elementor-widget-container\">\n\t\t\t\t\t<h2 class=\"elementor-heading-title elementor-size-default\">Il consorzio \u00e8 costituto dai seguenti partner:<\/h2>\t\t\t\t<\/div>\n\t\t\t\t<\/div>\n\t\t\t\t<div class=\"elementor-element elementor-element-53b2e78 elementor-widget elementor-widget-spacer\" data-id=\"53b2e78\" data-element_type=\"widget\" data-widget_type=\"spacer.default\">\n\t\t\t\t<div class=\"elementor-widget-container\">\n\t\t\t\t\t\t\t<div class=\"elementor-spacer\">\n\t\t\t<div class=\"elementor-spacer-inner\"><\/div>\n\t\t<\/div>\n\t\t\t\t\t\t<\/div>\n\t\t\t\t<\/div>\n\t\t\t\t<div class=\"elementor-element elementor-element-9ecb535 elementor-widget elementor-widget-eael-adv-accordion\" data-id=\"9ecb535\" data-element_type=\"widget\" data-widget_type=\"eael-adv-accordion.default\">\n\t\t\t\t<div class=\"elementor-widget-container\">\n\t\t\t\t\t        <div class=\"eael-adv-accordion\" id=\"eael-adv-accordion-9ecb535\" data-scroll-on-click=\"no\" data-scroll-speed=\"300\" data-accordion-id=\"9ecb535\" data-accordion-type=\"toggle\" data-toogle-speed=\"300\">\n    <div class=\"eael-accordion-list\">\n                <div id=\"the-hive-group-\" class=\"elementor-tab-title eael-accordion-header\" tabindex=\"0\" data-tab=\"1\" aria-controls=\"elementor-tab-content-1661\"><span class=\"eael-advanced-accordion-icon-closed\"><i aria-hidden=\"true\" class=\"fa-accordion-icon fas fa-plus\"><\/i><\/span><span class=\"eael-advanced-accordion-icon-opened\"><i aria-hidden=\"true\" class=\"fa-accordion-icon fas fa-minus\"><\/i><\/span><span class=\"eael-accordion-tab-title\">The Hive Group \ud83c\uddec\ud83c\uddf7<\/span><i aria-hidden=\"true\" class=\"fa-toggle fas fa-angle-right\"><\/i><\/div><div id=\"elementor-tab-content-1661\" class=\"eael-accordion-content clearfix\" data-tab=\"1\" aria-labelledby=\"the-hive-group-\"><p>\u00a0 \u00a0 \u00a0 \u00a0 \u00a0 \u00a0 \u00a0 \u00a0 \u00a0 \u00a0 \u00a0 \u00a0 \u00a0 \u00a0 \u00a0 \u00a0 \u00a0 \u00a0 \u00a0 \u00a0 \u00a0 \u00a0 \u00a0 \u00a0 \u00a0 \u00a0 \u00a0 \u00a0 \u00a0 \u00a0 \u00a0 \u00a0 \u00a0 \u00a0 \u00a0 \u00a0 \u00a0 \u00a0 \u00a0<img decoding=\"async\" class=\"alignnone size-full wp-image-388\" src=\"http:\/\/upsenior.eu\/wp-content\/uploads\/2023\/10\/Untitled-3.png\" alt=\"\" width=\"194\" height=\"194\" srcset=\"https:\/\/upsenior.eu\/wp-content\/uploads\/2023\/10\/Untitled-3.png 194w, https:\/\/upsenior.eu\/wp-content\/uploads\/2023\/10\/Untitled-3-150x150.png 150w\" sizes=\"(max-width: 194px) 100vw, 194px\" \/><\/p><p>The Hive si dedica alla fornitura di servizi di formazione e consulenza, soddisfacendo le esigenze di vari gruppi target su numerosi argomenti. Gli argomenti dei corsi sono sviluppati da formatori esperti e selezionati in base alle priorit\u00e0 dell&#8217;UE, alle esigenze che si manifestano nell&#8217;ambiente multiculturale e in rapida evoluzione che la societ\u00e0 sta vivendo su scala europea, e sempre sulla base delle attuali tendenze in materia di istruzione e innovazione. The Hive mira a promuovere la partecipazione attiva nella societ\u00e0 e a migliorare le prestazioni di apprendimento e le prospettive di carriera dei partecipanti ai corsi.<\/p><\/div>\n                <\/div><div class=\"eael-accordion-list\">\n                <div id=\"balkan-bridge-\" class=\"elementor-tab-title eael-accordion-header\" tabindex=\"0\" data-tab=\"2\" aria-controls=\"elementor-tab-content-1662\"><span class=\"eael-advanced-accordion-icon-closed\"><i aria-hidden=\"true\" class=\"fa-accordion-icon fas fa-plus\"><\/i><\/span><span class=\"eael-advanced-accordion-icon-opened\"><i aria-hidden=\"true\" class=\"fa-accordion-icon fas fa-minus\"><\/i><\/span><span class=\"eael-accordion-tab-title\">Balkan Bridge \ud83c\udde7\ud83c\uddec<\/span><i aria-hidden=\"true\" class=\"fa-toggle fas fa-angle-right\"><\/i><\/div><div id=\"elementor-tab-content-1662\" class=\"eael-accordion-content clearfix\" data-tab=\"2\" aria-labelledby=\"balkan-bridge-\"><p>\u00a0 \u00a0 \u00a0 \u00a0 \u00a0 \u00a0 \u00a0 \u00a0 \u00a0 \u00a0 \u00a0 \u00a0 \u00a0 \u00a0 \u00a0 \u00a0 \u00a0 \u00a0 \u00a0 \u00a0 \u00a0 \u00a0 \u00a0 \u00a0 \u00a0 \u00a0 \u00a0 \u00a0 \u00a0 \u00a0 \u00a0 \u00a0 \u00a0 \u00a0 \u00a0 \u00a0 \u00a0 \u00a0 <img decoding=\"async\" class=\"alignnone size-full wp-image-389\" src=\"http:\/\/upsenior.eu\/wp-content\/uploads\/2023\/10\/Untitled-2.png\" alt=\"\" width=\"194\" height=\"194\" srcset=\"https:\/\/upsenior.eu\/wp-content\/uploads\/2023\/10\/Untitled-2.png 194w, https:\/\/upsenior.eu\/wp-content\/uploads\/2023\/10\/Untitled-2-150x150.png 150w\" sizes=\"(max-width: 194px) 100vw, 194px\" \/><\/p><p>Balkan Bridge \u00e8 un&#8217;organizzazione che mira a riunire le societ\u00e0 dei Balcani e a favorire la cooperazione e la crescita tra esse. La missione dell&#8217;organizzazioneBalkan Bridge \u00e8 un&#8217;organizzazione che mira a riunire le societ\u00e0 dei Balcani e a favorire la cooperazione e la crescita. La missione dell&#8217;organizzazione \u00e8 di rispondere alle lacune dell&#8217;area balcanica in termini di formazione professionale, networking e attivit\u00e0 di ricerca, con l&#8217;obiettivo di trasformare l&#8217;area in un ecosistema sostenibile con capitale umano altamente qualificato e imprese in grado di adattarsi alle esigenze della societ\u00e0 e alle tendenze globali. Per raggiungere i suoi obiettivi, Balkan Bridge fornisce servizi di consulenza, formazione per il miglioramento delle competenze professionali agli individui e formazione aziendale per le imprese, allo scopo di favorire la crescita e l&#8217;empowerment delle persone coinvolte.<\/p><\/div>\n                <\/div><div class=\"eael-accordion-list\">\n                <div id=\"crs-laghi-srl-\" class=\"elementor-tab-title eael-accordion-header\" tabindex=\"0\" data-tab=\"3\" aria-controls=\"elementor-tab-content-1663\"><span class=\"eael-advanced-accordion-icon-closed\"><i aria-hidden=\"true\" class=\"fa-accordion-icon fas fa-plus\"><\/i><\/span><span class=\"eael-advanced-accordion-icon-opened\"><i aria-hidden=\"true\" class=\"fa-accordion-icon fas fa-minus\"><\/i><\/span><span class=\"eael-accordion-tab-title\">Crs Laghi srl \ud83c\uddee\ud83c\uddf9<\/span><i aria-hidden=\"true\" class=\"fa-toggle fas fa-angle-right\"><\/i><\/div><div id=\"elementor-tab-content-1663\" class=\"eael-accordion-content clearfix\" data-tab=\"3\" aria-labelledby=\"crs-laghi-srl-\"><p>\u00a0 \u00a0 \u00a0 \u00a0 \u00a0 \u00a0 \u00a0 \u00a0 \u00a0 \u00a0 \u00a0 \u00a0 \u00a0 \u00a0 \u00a0 \u00a0 \u00a0 \u00a0 \u00a0 \u00a0 \u00a0 \u00a0 \u00a0 \u00a0 \u00a0 \u00a0 \u00a0 \u00a0 \u00a0 \u00a0 \u00a0 \u00a0 \u00a0 \u00a0 \u00a0 \u00a0 \u00a0 \u00a0 <img decoding=\"async\" class=\"alignnone size-full wp-image-390\" src=\"http:\/\/upsenior.eu\/wp-content\/uploads\/2023\/10\/Untitled-1.png\" alt=\"\" width=\"194\" height=\"194\" srcset=\"https:\/\/upsenior.eu\/wp-content\/uploads\/2023\/10\/Untitled-1.png 194w, https:\/\/upsenior.eu\/wp-content\/uploads\/2023\/10\/Untitled-1-150x150.png 150w\" sizes=\"(max-width: 194px) 100vw, 194px\" \/><\/p><p>Costituito nel 2017, il CRSL &#8211; Centro Ricerche e Studi dei Laghi \u00e8 una realt\u00e0 relativamente giovane ma estremamente dinamica che vanta accreditamenti prestigiosi: il Centro \u00e8 uno spin-off dell&#8217;Istituto ad Ordinamento Universitario Carolina Albasio di Castellanza (VA), \u00e8 iscritto allo schedario Anagrafe Nazionale delle Ricerche del MIUR ed \u00e8 certificato da Unioncamere come Centro di Trasferimento Tecnologico 4.0. Attraverso lo strumento dello spin-off, CRSL intende favorire iniziative imprenditoriali ad alto contenuto di innovazione per la valorizzazione dei risultati della ricerca scientifica, anche con l&#8217;obiettivo di ampliare le potenzialit\u00e0 del sistema della ricerca universitaria e sviluppare nuove opportunit\u00e0 formative.<\/p><\/div>\n                <\/div><\/div>\t\t\t\t<\/div>\n\t\t\t\t<\/div>\n\t\t\t\t<div class=\"elementor-element elementor-element-e2f52fd elementor-widget elementor-widget-spacer\" data-id=\"e2f52fd\" data-element_type=\"widget\" data-widget_type=\"spacer.default\">\n\t\t\t\t<div class=\"elementor-widget-container\">\n\t\t\t\t\t\t\t<div class=\"elementor-spacer\">\n\t\t\t<div class=\"elementor-spacer-inner\"><\/div>\n\t\t<\/div>\n\t\t\t\t\t\t<\/div>\n\t\t\t\t<\/div>\n\t\t\t\t<\/div>\n\t\t\t\t\t<\/div>\n\t\t\t\t<\/div>\n\t\t<div class=\"elementor-element elementor-element-9d5a000 e-flex e-con-boxed e-con e-parent\" data-id=\"9d5a000\" data-element_type=\"container\" data-settings=\"{&quot;_ha_eqh_enable&quot;:false}\">\n\t\t\t\t\t<div class=\"e-con-inner\">\n\t\t<div class=\"elementor-element elementor-element-66c82cd e-con-full e-flex e-con e-child\" data-id=\"66c82cd\" data-element_type=\"container\" data-settings=\"{&quot;_ha_eqh_enable&quot;:false}\">\n\t\t\t\t<div class=\"elementor-element elementor-element-e85cd82 elementor-widget elementor-widget-spacer\" data-id=\"e85cd82\" data-element_type=\"widget\" data-widget_type=\"spacer.default\">\n\t\t\t\t<div class=\"elementor-widget-container\">\n\t\t\t\t\t\t\t<div class=\"elementor-spacer\">\n\t\t\t<div class=\"elementor-spacer-inner\"><\/div>\n\t\t<\/div>\n\t\t\t\t\t\t<\/div>\n\t\t\t\t<\/div>\n\t\t\t\t<div class=\"elementor-element elementor-element-04afdf1 elementor-widget elementor-widget-image\" data-id=\"04afdf1\" data-element_type=\"widget\" data-widget_type=\"image.default\">\n\t\t\t\t<div class=\"elementor-widget-container\">\n\t\t\t\t\t\t\t\t\t\t\t\t\t\t\t<img loading=\"lazy\" decoding=\"async\" width=\"300\" height=\"63\" src=\"https:\/\/upsenior.eu\/wp-content\/uploads\/2023\/10\/EN_Co-funded_by_the_EU-transparent-300x63.png\" class=\"attachment-medium size-medium wp-image-181\" alt=\"\" srcset=\"https:\/\/upsenior.eu\/wp-content\/uploads\/2023\/10\/EN_Co-funded_by_the_EU-transparent-300x63.png 300w, https:\/\/upsenior.eu\/wp-content\/uploads\/2023\/10\/EN_Co-funded_by_the_EU-transparent-768x161.png 768w, https:\/\/upsenior.eu\/wp-content\/uploads\/2023\/10\/EN_Co-funded_by_the_EU-transparent-720x151.png 720w, https:\/\/upsenior.eu\/wp-content\/uploads\/2023\/10\/EN_Co-funded_by_the_EU-transparent.png 1024w\" sizes=\"(max-width: 300px) 100vw, 300px\" \/>\t\t\t\t\t\t\t\t\t\t\t\t\t\t\t<\/div>\n\t\t\t\t<\/div>\n\t\t\t\t<div class=\"elementor-element elementor-element-082c7dc elementor-widget elementor-widget-text-editor\" data-id=\"082c7dc\" data-element_type=\"widget\" data-widget_type=\"text-editor.default\">\n\t\t\t\t<div class=\"elementor-widget-container\">\n\t\t\t\t\t\t\t\t\t<p>Finanziato dall&#8217;Unione europea. Le opinioni espresse appartengono, tuttavia, al solo o ai soli autori e non riflettono necessariamente le opinioni dell&#8217;Unione europea o dell\u2019Agenzia esecutiva europea per l\u2019istruzione e la cultura (EACEA). N\u00e9 l&#8217;Unione europea n\u00e9 l&#8217;EACEA possono esserne ritenute responsabili. 2022-2-EL01-KA210-ADU-<wbr \/>000093393<\/p>\t\t\t\t\t\t\t\t<\/div>\n\t\t\t\t<\/div>\n\t\t\t\t<\/div>\n\t\t<div class=\"elementor-element elementor-element-54f9ecb e-con-full e-flex e-con e-child\" data-id=\"54f9ecb\" data-element_type=\"container\" data-settings=\"{&quot;_ha_eqh_enable&quot;:false}\">\n\t\t\t\t<div class=\"elementor-element elementor-element-97f0879 elementor-widget elementor-widget-spacer\" data-id=\"97f0879\" data-element_type=\"widget\" data-widget_type=\"spacer.default\">\n\t\t\t\t<div class=\"elementor-widget-container\">\n\t\t\t\t\t\t\t<div class=\"elementor-spacer\">\n\t\t\t<div class=\"elementor-spacer-inner\"><\/div>\n\t\t<\/div>\n\t\t\t\t\t\t<\/div>\n\t\t\t\t<\/div>\n\t\t\t\t<div class=\"elementor-element elementor-element-5e7c0b3 elementor-widget elementor-widget-text-editor\" data-id=\"5e7c0b3\" data-element_type=\"widget\" data-widget_type=\"text-editor.default\">\n\t\t\t\t<div class=\"elementor-widget-container\">\n\t\t\t\t\t\t\t\t\t<a style=\"color: #595959; text-align: right;\" href=\"https:\/\/upsenior.eu\/index.php\/terms-of-use\/\" target=\"_blank\" rel=\"noopener\">Terms of Use<\/a>\t\t\t\t\t\t\t\t<\/div>\n\t\t\t\t<\/div>\n\t\t\t\t<\/div>\n\t\t<div class=\"elementor-element elementor-element-7b084f6 e-con-full e-flex e-con e-child\" data-id=\"7b084f6\" data-element_type=\"container\" data-settings=\"{&quot;_ha_eqh_enable&quot;:false}\">\n\t\t\t\t<div class=\"elementor-element elementor-element-9d52477 elementor-widget elementor-widget-spacer\" data-id=\"9d52477\" data-element_type=\"widget\" data-widget_type=\"spacer.default\">\n\t\t\t\t<div class=\"elementor-widget-container\">\n\t\t\t\t\t\t\t<div class=\"elementor-spacer\">\n\t\t\t<div class=\"elementor-spacer-inner\"><\/div>\n\t\t<\/div>\n\t\t\t\t\t\t<\/div>\n\t\t\t\t<\/div>\n\t\t\t\t<div class=\"elementor-element elementor-element-b2c4c2a elementor-widget elementor-widget-image\" data-id=\"b2c4c2a\" data-element_type=\"widget\" data-widget_type=\"image.default\">\n\t\t\t\t<div class=\"elementor-widget-container\">\n\t\t\t\t\t\t\t\t\t\t\t\t\t\t\t\t<a href=\"https:\/\/upsenior.eu\/\">\n\t\t\t\t\t\t\t<img loading=\"lazy\" decoding=\"async\" width=\"150\" height=\"150\" src=\"https:\/\/upsenior.eu\/wp-content\/uploads\/2023\/10\/UPSENIOR-PRIMARY-LOGO-150x150.png\" class=\"attachment-thumbnail size-thumbnail wp-image-182\" alt=\"\" srcset=\"https:\/\/upsenior.eu\/wp-content\/uploads\/2023\/10\/UPSENIOR-PRIMARY-LOGO-150x150.png 150w, https:\/\/upsenior.eu\/wp-content\/uploads\/2023\/10\/UPSENIOR-PRIMARY-LOGO-300x300.png 300w, https:\/\/upsenior.eu\/wp-content\/uploads\/2023\/10\/UPSENIOR-PRIMARY-LOGO-360x360.png 360w, https:\/\/upsenior.eu\/wp-content\/uploads\/2023\/10\/UPSENIOR-PRIMARY-LOGO.png 500w\" sizes=\"(max-width: 150px) 100vw, 150px\" \/>\t\t\t\t\t\t\t\t<\/a>\n\t\t\t\t\t\t\t\t\t\t\t\t\t\t\t<\/div>\n\t\t\t\t<\/div>\n\t\t\t\t<div class=\"elementor-element elementor-element-d5c5adf elementor-shape-circle elementor-grid-0 e-grid-align-center elementor-widget elementor-widget-social-icons\" data-id=\"d5c5adf\" data-element_type=\"widget\" data-widget_type=\"social-icons.default\">\n\t\t\t\t<div class=\"elementor-widget-container\">\n\t\t\t\t\t\t\t<div class=\"elementor-social-icons-wrapper elementor-grid\">\n\t\t\t\t\t\t\t<span class=\"elementor-grid-item\">\n\t\t\t\t\t<a class=\"elementor-icon elementor-social-icon elementor-social-icon-facebook elementor-animation-pulse elementor-repeater-item-470d666\" href=\"https:\/\/www.facebook.com\/upseniorproject\/\" target=\"_blank\">\n\t\t\t\t\t\t<span class=\"elementor-screen-only\">Facebook<\/span>\n\t\t\t\t\t\t<i class=\"fab fa-facebook\"><\/i>\t\t\t\t\t<\/a>\n\t\t\t\t<\/span>\n\t\t\t\t\t\t\t<span class=\"elementor-grid-item\">\n\t\t\t\t\t<a class=\"elementor-icon elementor-social-icon elementor-social-icon-instagram elementor-animation-pulse elementor-repeater-item-c420d48\" href=\"https:\/\/www.instagram.com\/upseniorproject\/\" target=\"_blank\">\n\t\t\t\t\t\t<span class=\"elementor-screen-only\">Instagram<\/span>\n\t\t\t\t\t\t<i class=\"fab fa-instagram\"><\/i>\t\t\t\t\t<\/a>\n\t\t\t\t<\/span>\n\t\t\t\t\t<\/div>\n\t\t\t\t\t\t<\/div>\n\t\t\t\t<\/div>\n\t\t\t\t<\/div>\n\t\t\t\t\t<\/div>\n\t\t\t\t<\/div>\n\t\t<div class=\"elementor-element elementor-element-4173478 e-flex e-con-boxed e-con e-parent\" data-id=\"4173478\" data-element_type=\"container\" data-settings=\"{&quot;background_background&quot;:&quot;classic&quot;,&quot;_ha_eqh_enable&quot;:false}\">\n\t\t\t\t\t<div class=\"e-con-inner\">\n\t\t\t\t<div class=\"elementor-element elementor-element-6ed4709 elementor-widget-divider--view-line elementor-widget elementor-widget-divider\" data-id=\"6ed4709\" data-element_type=\"widget\" data-widget_type=\"divider.default\">\n\t\t\t\t<div class=\"elementor-widget-container\">\n\t\t\t\t\t\t\t<div class=\"elementor-divider\">\n\t\t\t<span class=\"elementor-divider-separator\">\n\t\t\t\t\t\t<\/span>\n\t\t<\/div>\n\t\t\t\t\t\t<\/div>\n\t\t\t\t<\/div>\n\t\t\t\t\t<\/div>\n\t\t\t\t<\/div>\n\t\t<div class=\"elementor-element elementor-element-3025c8f e-flex e-con-boxed e-con e-parent\" data-id=\"3025c8f\" data-element_type=\"container\" data-settings=\"{&quot;background_background&quot;:&quot;classic&quot;,&quot;_ha_eqh_enable&quot;:false}\">\n\t\t\t\t\t<div class=\"e-con-inner\">\n\t\t<div class=\"elementor-element elementor-element-92c2210 e-con-full e-flex e-con e-child\" data-id=\"92c2210\" data-element_type=\"container\" data-settings=\"{&quot;_ha_eqh_enable&quot;:false}\">\n\t\t\t\t<div class=\"elementor-element elementor-element-7b70e9b elementor-widget elementor-widget-text-editor\" data-id=\"7b70e9b\" data-element_type=\"widget\" data-widget_type=\"text-editor.default\">\n\t\t\t\t<div class=\"elementor-widget-container\">\n\t\t\t\t\t\t\t\t\t<p>Copyright \u00a9 2023 UpSenior. All Rights Reserved<\/p>\t\t\t\t\t\t\t\t<\/div>\n\t\t\t\t<\/div>\n\t\t\t\t<\/div>\n\t\t<div class=\"elementor-element elementor-element-14affff e-con-full e-flex e-con e-child\" data-id=\"14affff\" data-element_type=\"container\" data-settings=\"{&quot;_ha_eqh_enable&quot;:false}\">\n\t\t\t\t<\/div>\n\t\t<div class=\"elementor-element elementor-element-7880a42 e-con-full e-flex e-con e-child\" data-id=\"7880a42\" data-element_type=\"container\" data-settings=\"{&quot;_ha_eqh_enable&quot;:false}\">\n\t\t\t\t<div class=\"elementor-element elementor-element-6651c81 elementor-widget elementor-widget-text-editor\" data-id=\"6651c81\" data-element_type=\"widget\" data-widget_type=\"text-editor.default\">\n\t\t\t\t<div class=\"elementor-widget-container\">\n\t\t\t\t\t\t\t\t\t<span style=\"color: white; text-align: left;\">Powered by\u00a0<\/span><a style=\"color: white; text-align: right;\" href=\"https:\/\/thehivegroup.eu\/\" target=\"_blank\" rel=\"noopener\">The Hive Group<\/a>\t\t\t\t\t\t\t\t<\/div>\n\t\t\t\t<\/div>\n\t\t\t\t<\/div>\n\t\t\t\t\t<\/div>\n\t\t\t\t<\/div>\n\t\t\t\t<\/div>\n\t\t","protected":false},"excerpt":{"rendered":"<p>Partner del progetto Il consorzio \u00e8 costituto dai seguenti partner: The Hive Group \ud83c\uddec\ud83c\uddf7 \u00a0 \u00a0 \u00a0 \u00a0 \u00a0 \u00a0 [&hellip;]<\/p>\n","protected":false},"author":1,"featured_media":0,"parent":0,"menu_order":0,"comment_status":"closed","ping_status":"closed","template":"page-templates\/template_page-builder.php","meta":{"_monsterinsights_skip_tracking":false,"_monsterinsights_sitenote_active":false,"_monsterinsights_sitenote_note":"","_monsterinsights_sitenote_category":0,"_uf_show_specific_survey":0,"_uf_disable_surveys":false,"footnotes":""},"class_list":["post-527","page","type-page","status-publish","hentry"],"aioseo_notices":[],"_links":{"self":[{"href":"https:\/\/upsenior.eu\/index.php?rest_route=\/wp\/v2\/pages\/527","targetHints":{"allow":["GET"]}}],"collection":[{"href":"https:\/\/upsenior.eu\/index.php?rest_route=\/wp\/v2\/pages"}],"about":[{"href":"https:\/\/upsenior.eu\/index.php?rest_route=\/wp\/v2\/types\/page"}],"author":[{"embeddable":true,"href":"https:\/\/upsenior.eu\/index.php?rest_route=\/wp\/v2\/users\/1"}],"replies":[{"embeddable":true,"href":"https:\/\/upsenior.eu\/index.php?rest_route=%2Fwp%2Fv2%2Fcomments&post=527"}],"version-history":[{"count":4,"href":"https:\/\/upsenior.eu\/index.php?rest_route=\/wp\/v2\/pages\/527\/revisions"}],"predecessor-version":[{"id":531,"href":"https:\/\/upsenior.eu\/index.php?rest_route=\/wp\/v2\/pages\/527\/revisions\/531"}],"wp:attachment":[{"href":"https:\/\/upsenior.eu\/index.php?rest_route=%2Fwp%2Fv2%2Fmedia&parent=527"}],"curies":[{"name":"wp","href":"https:\/\/api.w.org\/{rel}","templated":true}]}}